{"id":63,"date":"2020-03-30T17:02:35","date_gmt":"2020-03-30T17:02:35","guid":{"rendered":"http:\/\/energica.pt\/?page_id=63"},"modified":"2022-12-22T12:18:11","modified_gmt":"2022-12-22T12:18:11","slug":"adn","status":"publish","type":"page","link":"https:\/\/energica.pt\/en\/adn\/","title":{"rendered":"DNA"},"content":{"rendered":"<div data-elementor-type=\"wp-page\" data-elementor-id=\"63\" class=\"elementor elementor-63\">\n\t\t\t\t\t\t<div class=\"elementor-inner\">\n\t\t\t\t<div class=\"elementor-section-wrap\">\n\t\t\t\t\t\t\t\t\t<section class=\"elementor-section elementor-top-section elementor-element elementor-element-4a36354 elementor-section-boxed elementor-section-height-default elementor-section-height-default\" data-id=\"4a36354\" data-element_type=\"section\" data-settings=\"{&quot;background_background&quot;:&quot;classic&quot;}\">\n\t\t\t\t\t\t<div class=\"elementor-container elementor-column-gap-default\">\n\t\t\t\t\t\t\t<div class=\"elementor-row\">\n\t\t\t\t\t<div class=\"elementor-column elementor-col-100 elementor-top-column elementor-element elementor-element-6621375\" data-id=\"6621375\" data-element_type=\"column\">\n\t\t\t<div class=\"elementor-column-wrap elementor-element-populated\">\n\t\t\t\t\t\t\t<div class=\"elementor-widget-wrap\">\n\t\t\t\t\t\t<div class=\"elementor-element elementor-element-726887f elementor-widget elementor-widget-spacer\" data-id=\"726887f\" data-element_type=\"widget\" data-widget_type=\"spacer.default\">\n\t\t\t\t<div class=\"elementor-widget-container\">\n\t\t\t\t\t<div class=\"elementor-spacer\">\n\t\t\t<div class=\"elementor-spacer-inner\"><\/div>\n\t\t<\/div>\n\t\t\t\t<\/div>\n\t\t\t\t<\/div>\n\t\t\t\t<section class=\"elementor-section elementor-inner-section elementor-element elementor-element-12162e7 elementor-section-boxed elementor-section-height-default elementor-section-height-default\" data-id=\"12162e7\" data-element_type=\"section\">\n\t\t\t\t\t\t<div class=\"elementor-container elementor-column-gap-default\">\n\t\t\t\t\t\t\t<div class=\"elementor-row\">\n\t\t\t\t\t<div class=\"elementor-column elementor-col-50 elementor-inner-column elementor-element elementor-element-d474494\" data-id=\"d474494\" data-element_type=\"column\">\n\t\t\t<div class=\"elementor-column-wrap elementor-element-populated\">\n\t\t\t\t\t\t\t<div class=\"elementor-widget-wrap\">\n\t\t\t\t\t\t<div class=\"elementor-element elementor-element-5ea589a elementor-widget elementor-widget-heading\" data-id=\"5ea589a\" data-element_type=\"widget\" data-widget_type=\"heading.default\">\n\t\t\t\t<div class=\"elementor-widget-container\">\n\t\t\t<h2 class=\"elementor-heading-title elementor-size-default\">Our DNA<\/h2>\t\t<\/div>\n\t\t\t\t<\/div>\n\t\t\t\t\t\t<\/div>\n\t\t\t\t\t<\/div>\n\t\t<\/div>\n\t\t\t\t<div class=\"elementor-column elementor-col-50 elementor-inner-column elementor-element elementor-element-5c35d33\" data-id=\"5c35d33\" data-element_type=\"column\">\n\t\t\t<div class=\"elementor-column-wrap\">\n\t\t\t\t\t\t\t<div class=\"elementor-widget-wrap\">\n\t\t\t\t\t\t\t\t<\/div>\n\t\t\t\t\t<\/div>\n\t\t<\/div>\n\t\t\t\t\t\t\t\t<\/div>\n\t\t\t\t\t<\/div>\n\t\t<\/section>\n\t\t\t\t<section class=\"elementor-section elementor-inner-section elementor-element elementor-element-5d61165 elementor-section-boxed elementor-section-height-default elementor-section-height-default\" data-id=\"5d61165\" data-element_type=\"section\">\n\t\t\t\t\t\t<div class=\"elementor-container elementor-column-gap-default\">\n\t\t\t\t\t\t\t<div class=\"elementor-row\">\n\t\t\t\t\t<div class=\"elementor-column elementor-col-100 elementor-inner-column elementor-element elementor-element-8de52bb\" data-id=\"8de52bb\" data-element_type=\"column\">\n\t\t\t<div class=\"elementor-column-wrap elementor-element-populated\">\n\t\t\t\t\t\t\t<div class=\"elementor-widget-wrap\">\n\t\t\t\t\t\t<div class=\"elementor-element elementor-element-0395e98 elementor-widget elementor-widget-eael-fancy-text\" data-id=\"0395e98\" data-element_type=\"widget\" data-widget_type=\"eael-fancy-text.default\">\n\t\t\t\t<div class=\"elementor-widget-container\">\n\t\t\t\n\t<div  class=\"eael-fancy-text-container style-1\" data-fancy-text-id=\"0395e98\" data-fancy-text=\"|rigor|compet\u00eancia|paix\u00e3o|\u00e9tica|ambi\u00e7\u00e3o\" data-fancy-text-transition-type=\"typing\" data-fancy-text-speed=\"50\" data-fancy-text-delay=\"2500\" data-fancy-text-cursor=\"yes\" data-fancy-text-loop=\"yes\" >\n\t\t\t\t\t<span class=\"eael-fancy-text-prefix\">At Energica we have  <\/span>\n\t\t\n\t\t\n\t\t\t\t\t<span id=\"eael-fancy-text-0395e98\" class=\"eael-fancy-text-strings solid-color\">\n\t\t\t\t<noscript>\n\t\t\t\t\trigor, compet\u00eancia, paix\u00e3o, \u00e9tica, ambi\u00e7\u00e3o\t\t\t\t<\/noscript>\n\t\t\t<\/span>\n\t\t\n\t\t\t<\/div><!-- close .eael-fancy-text-container -->\n\n\t<div class=\"clearfix\"><\/div>\n\n\t\t\t<\/div>\n\t\t\t\t<\/div>\n\t\t\t\t\t\t<\/div>\n\t\t\t\t\t<\/div>\n\t\t<\/div>\n\t\t\t\t\t\t\t\t<\/div>\n\t\t\t\t\t<\/div>\n\t\t<\/section>\n\t\t\t\t<section class=\"elementor-section elementor-inner-section elementor-element elementor-element-10f8aaf elementor-section-boxed elementor-section-height-default elementor-section-height-default\" data-id=\"10f8aaf\" data-element_type=\"section\">\n\t\t\t\t\t\t<div class=\"elementor-container elementor-column-gap-default\">\n\t\t\t\t\t\t\t<div class=\"elementor-row\">\n\t\t\t\t\t<div class=\"elementor-column elementor-col-50 elementor-inner-column elementor-element elementor-element-6321668\" data-id=\"6321668\" data-element_type=\"column\">\n\t\t\t<div class=\"elementor-column-wrap elementor-element-populated\">\n\t\t\t\t\t\t\t<div class=\"elementor-widget-wrap\">\n\t\t\t\t\t\t<div class=\"elementor-element elementor-element-796f2ab elementor-widget elementor-widget-text-editor\" data-id=\"796f2ab\" data-element_type=\"widget\" data-widget_type=\"text-editor.default\">\n\t\t\t\t<div class=\"elementor-widget-container\">\n\t\t\t\t\t\t\t\t<div class=\"elementor-text-editor elementor-clearfix\">\n\t\t\t\t<p>Energica was born with the aim of being an Academy of Commercials, because we believe that these are a differentiating factor in the global offer of any company.<\/p><p>Our mission is to create and develop services of <b>high quality<\/b>, <b>practical content<\/b> and <b>guidance<\/b> to the needs of the labor market, our main objective being <b>train skills<\/b>, <b>identify needs<\/b>, <b>investigate and develop innovative methodologies and implement training and consulting solutions that promote positive changes in economic activity.<\/b>.<\/p>\t\t\t\t\t<\/div>\n\t\t\t\t\t\t<\/div>\n\t\t\t\t<\/div>\n\t\t\t\t\t\t<\/div>\n\t\t\t\t\t<\/div>\n\t\t<\/div>\n\t\t\t\t<div class=\"elementor-column elementor-col-50 elementor-inner-column elementor-element elementor-element-e1e41fb\" data-id=\"e1e41fb\" data-element_type=\"column\">\n\t\t\t<div class=\"elementor-column-wrap elementor-element-populated\">\n\t\t\t\t\t\t\t<div class=\"elementor-widget-wrap\">\n\t\t\t\t\t\t<div class=\"elementor-element elementor-element-82000dd elementor-widget elementor-widget-image\" data-id=\"82000dd\" data-element_type=\"widget\" data-widget_type=\"image.default\">\n\t\t\t\t<div class=\"elementor-widget-container\">\n\t\t\t\t\t\t\t\t<div class=\"elementor-image\">\n\t\t\t\t\t\t\t\t\t\t\t\t<img decoding=\"async\" src=\"https:\/\/energica.pt\/wp-content\/uploads\/2020\/05\/dna.svg\" class=\"attachment-full size-full\" alt=\"\" loading=\"lazy\" \/>\t\t\t\t\t\t\t\t\t\t\t\t\t\t<\/div>\n\t\t\t\t\t\t<\/div>\n\t\t\t\t<\/div>\n\t\t\t\t\t\t<\/div>\n\t\t\t\t\t<\/div>\n\t\t<\/div>\n\t\t\t\t\t\t\t\t<\/div>\n\t\t\t\t\t<\/div>\n\t\t<\/section>\n\t\t\t\t\t\t<\/div>\n\t\t\t\t\t<\/div>\n\t\t<\/div>\n\t\t\t\t\t\t\t\t<\/div>\n\t\t\t\t\t<\/div>\n\t\t<\/section>\n\t\t\t\t<section class=\"elementor-section elementor-top-section elementor-element elementor-element-692e61a7 elementor-section-boxed elementor-section-height-default elementor-section-height-default\" data-id=\"692e61a7\" data-element_type=\"section\" data-settings=\"{&quot;background_background&quot;:&quot;classic&quot;}\">\n\t\t\t\t\t\t<div class=\"elementor-container elementor-column-gap-default\">\n\t\t\t\t\t\t\t<div class=\"elementor-row\">\n\t\t\t\t\t<div class=\"elementor-column elementor-col-100 elementor-top-column elementor-element elementor-element-56956419\" data-id=\"56956419\" data-element_type=\"column\">\n\t\t\t<div class=\"elementor-column-wrap elementor-element-populated\">\n\t\t\t\t\t\t\t<div class=\"elementor-widget-wrap\">\n\t\t\t\t\t\t<section class=\"elementor-section elementor-inner-section elementor-element elementor-element-1cb62a65 elementor-section-boxed elementor-section-height-default elementor-section-height-default\" data-id=\"1cb62a65\" data-element_type=\"section\">\n\t\t\t\t\t\t<div class=\"elementor-container elementor-column-gap-default\">\n\t\t\t\t\t\t\t<div class=\"elementor-row\">\n\t\t\t\t\t<div class=\"elementor-column elementor-col-50 elementor-inner-column elementor-element elementor-element-20c84548\" data-id=\"20c84548\" data-element_type=\"column\">\n\t\t\t<div class=\"elementor-column-wrap elementor-element-populated\">\n\t\t\t\t\t\t\t<div class=\"elementor-widget-wrap\">\n\t\t\t\t\t\t<div class=\"elementor-element elementor-element-6f223610 elementor-widget elementor-widget-image\" data-id=\"6f223610\" data-element_type=\"widget\" data-widget_type=\"image.default\">\n\t\t\t\t<div class=\"elementor-widget-container\">\n\t\t\t\t\t\t\t\t<div class=\"elementor-image\">\n\t\t\t\t\t\t\t\t\t\t\t\t\t<a href=\"http:\/\/energica.pt\/wp-content\/uploads\/2021\/02\/Ficha_projeto_Vale_Int_Energica.pdf\">\n\t\t\t\t\t\t\t<img decoding=\"async\" width=\"1024\" height=\"156\" src=\"https:\/\/energica.pt\/wp-content\/uploads\/2020\/04\/POCentro_PT2020_FEEI_Branco_Bom-1-1024x156.png\" class=\"attachment-large size-large\" alt=\"\" loading=\"lazy\" srcset=\"https:\/\/energica.pt\/wp-content\/uploads\/2020\/04\/POCentro_PT2020_FEEI_Branco_Bom-1-1024x156.png 1024w, https:\/\/energica.pt\/wp-content\/uploads\/2020\/04\/POCentro_PT2020_FEEI_Branco_Bom-1-300x46.png 300w, https:\/\/energica.pt\/wp-content\/uploads\/2020\/04\/POCentro_PT2020_FEEI_Branco_Bom-1-768x117.png 768w, https:\/\/energica.pt\/wp-content\/uploads\/2020\/04\/POCentro_PT2020_FEEI_Branco_Bom-1-1536x233.png 1536w, https:\/\/energica.pt\/wp-content\/uploads\/2020\/04\/POCentro_PT2020_FEEI_Branco_Bom-1-2048x311.png 2048w\" sizes=\"(max-width: 1024px) 100vw, 1024px\" \/>\t\t\t\t\t\t\t\t<\/a>\n\t\t\t\t\t\t\t\t\t\t\t\t\t\t<\/div>\n\t\t\t\t\t\t<\/div>\n\t\t\t\t<\/div>\n\t\t\t\t<div class=\"elementor-element elementor-element-314959e3 elementor-widget elementor-widget-text-editor\" data-id=\"314959e3\" data-element_type=\"widget\" data-widget_type=\"text-editor.default\">\n\t\t\t\t<div class=\"elementor-widget-container\">\n\t\t\t\t\t\t\t\t<div class=\"elementor-text-editor elementor-clearfix\">\n\t\t\t\t<p><a style=\"font-size: 14px; background-color: #3e3e3e;\" href=\"https:\/\/energica.pt\/en\/politica-privacidade\/\"><strong>Privacy Policy<\/strong><\/a><\/p>\t\t\t\t\t<\/div>\n\t\t\t\t\t\t<\/div>\n\t\t\t\t<\/div>\n\t\t\t\t\t\t<\/div>\n\t\t\t\t\t<\/div>\n\t\t<\/div>\n\t\t\t\t<div class=\"elementor-column elementor-col-50 elementor-inner-column elementor-element elementor-element-57c7d5f1\" data-id=\"57c7d5f1\" data-element_type=\"column\">\n\t\t\t<div class=\"elementor-column-wrap elementor-element-populated\">\n\t\t\t\t\t\t\t<div class=\"elementor-widget-wrap\">\n\t\t\t\t\t\t<div class=\"elementor-element elementor-element-77c621ab elementor-widget elementor-widget-text-editor\" data-id=\"77c621ab\" data-element_type=\"widget\" data-widget_type=\"text-editor.default\">\n\t\t\t\t<div class=\"elementor-widget-container\">\n\t\t\t\t\t\t\t\t<div class=\"elementor-text-editor elementor-clearfix\">\n\t\t\t\t<p><strong>Residence:<\/strong> Av. 25 de Abril, 27 2 Esq. Frt. 3830-044 \u00cdlhavo<\/p><p><strong>Email:<\/strong> geral@energica.pt<\/p><p><strong>Phone:<\/strong> 707 507 855<\/p><p>(Call to national fixed network)<\/p>\t\t\t\t\t<\/div>\n\t\t\t\t\t\t<\/div>\n\t\t\t\t<\/div>\n\t\t\t\t<div class=\"elementor-element elementor-element-3d6ea2d8 elementor-widget elementor-widget-image\" data-id=\"3d6ea2d8\" data-element_type=\"widget\" data-widget_type=\"image.default\">\n\t\t\t\t<div class=\"elementor-widget-container\">\n\t\t\t\t\t\t\t\t<div class=\"elementor-image\">\n\t\t\t\t\t\t\t\t\t\t\t\t<img decoding=\"async\" width=\"280\" height=\"190\" src=\"https:\/\/energica.pt\/wp-content\/uploads\/2020\/06\/certificada_w.png\" class=\"attachment-full size-full\" alt=\"\" loading=\"lazy\" \/>\t\t\t\t\t\t\t\t\t\t\t\t\t\t<\/div>\n\t\t\t\t\t\t<\/div>\n\t\t\t\t<\/div>\n\t\t\t\t<div class=\"elementor-element elementor-element-6c07ab85 elementor-shape-circle e-grid-align-left elementor-grid-0 elementor-widget elementor-widget-social-icons\" data-id=\"6c07ab85\" data-element_type=\"widget\" data-widget_type=\"social-icons.default\">\n\t\t\t\t<div class=\"elementor-widget-container\">\n\t\t\t\t\t<div class=\"elementor-social-icons-wrapper elementor-grid\">\n\t\t\t\t\t\t\t<span class=\"elementor-grid-item\">\n\t\t\t\t\t<a class=\"elementor-icon elementor-social-icon elementor-social-icon-facebook elementor-repeater-item-9183e67\" href=\"https:\/\/www.facebook.com\/ENERGICA.Academia\/\" target=\"_blank\">\n\t\t\t\t\t\t<span class=\"elementor-screen-only\">Facebook<\/span>\n\t\t\t\t\t\t<i class=\"fab fa-facebook\"><\/i>\t\t\t\t\t<\/a>\n\t\t\t\t<\/span>\n\t\t\t\t\t\t\t<span class=\"elementor-grid-item\">\n\t\t\t\t\t<a class=\"elementor-icon elementor-social-icon elementor-social-icon-instagram elementor-repeater-item-1b61a85\" href=\"https:\/\/www.instagram.com\/ENERGICA_Academia\/\" target=\"_blank\">\n\t\t\t\t\t\t<span class=\"elementor-screen-only\">Instagram<\/span>\n\t\t\t\t\t\t<i class=\"fab fa-instagram\"><\/i>\t\t\t\t\t<\/a>\n\t\t\t\t<\/span>\n\t\t\t\t\t\t\t<span class=\"elementor-grid-item\">\n\t\t\t\t\t<a class=\"elementor-icon elementor-social-icon elementor-social-icon-linkedin elementor-repeater-item-08edfcd\" href=\"https:\/\/www.linkedin.com\/company\/academiadeformacao-energica\/\" target=\"_blank\">\n\t\t\t\t\t\t<span class=\"elementor-screen-only\">Linkedin<\/span>\n\t\t\t\t\t\t<i class=\"fab fa-linkedin\"><\/i>\t\t\t\t\t<\/a>\n\t\t\t\t<\/span>\n\t\t\t\t\t<\/div>\n\t\t\t\t<\/div>\n\t\t\t\t<\/div>\n\t\t\t\t\t\t<\/div>\n\t\t\t\t\t<\/div>\n\t\t<\/div>\n\t\t\t\t\t\t\t\t<\/div>\n\t\t\t\t\t<\/div>\n\t\t<\/section>\n\t\t\t\t\t\t<\/div>\n\t\t\t\t\t<\/div>\n\t\t<\/div>\n\t\t\t\t\t\t\t\t<\/div>\n\t\t\t\t\t<\/div>\n\t\t<\/section>\n\t\t\t\t\t\t\t\t\t<\/div>\n\t\t\t<\/div>\n\t\t\t\t\t<\/div>","protected":false},"excerpt":{"rendered":"<p>O nosso ADN Na Energica temos rigor, compet\u00eancia, paix\u00e3o, \u00e9tica, ambi\u00e7\u00e3o A Energica nasceu com o objetivo de ser uma Academia de Comerciais, porque acreditamos que estes s\u00e3o um fator diferenciador na oferta global de qualquer empresa. A nossa miss\u00e3o \u00e9 criar e desenvolver servi\u00e7os de elevada qualidade, teor pr\u00e1tico e orienta\u00e7\u00e3o para as necessidades [&hellip;]<\/p>","protected":false},"author":1,"featured_media":0,"parent":0,"menu_order":0,"comment_status":"closed","ping_status":"closed","template":"","meta":[],"yoast_head":"<!-- This site is optimized with the Yoast SEO plugin v20.6 - https:\/\/yoast.com\/wordpress\/plugins\/seo\/ -->\n<title>ADN - Energica<\/title>\n<meta name=\"robots\" content=\"index, follow, max-snippet:-1, max-image-preview:large, max-video-preview:-1\" \/>\n<link rel=\"canonical\" href=\"https:\/\/energica.pt\/en\/adn\/\" \/>\n<meta property=\"og:locale\" content=\"en_GB\" \/>\n<meta property=\"og:type\" content=\"article\" \/>\n<meta property=\"og:title\" content=\"ADN - Energica\" \/>\n<meta property=\"og:description\" content=\"O nosso ADN Na Energica temos rigor, compet\u00eancia, paix\u00e3o, \u00e9tica, ambi\u00e7\u00e3o A Energica nasceu com o objetivo de ser uma Academia de Comerciais, porque acreditamos que estes s\u00e3o um fator diferenciador na oferta global de qualquer empresa. A nossa miss\u00e3o \u00e9 criar e desenvolver servi\u00e7os de elevada qualidade, teor pr\u00e1tico e orienta\u00e7\u00e3o para as necessidades [&hellip;]\" \/>\n<meta property=\"og:url\" content=\"https:\/\/energica.pt\/en\/adn\/\" \/>\n<meta property=\"og:site_name\" content=\"Energica\" \/>\n<meta property=\"article:publisher\" content=\"https:\/\/www.facebook.com\/ENERGICA.Academia\" \/>\n<meta property=\"article:modified_time\" content=\"2022-12-22T12:18:11+00:00\" \/>\n<meta property=\"og:image\" content=\"https:\/\/energica.pt\/wp-content\/uploads\/2020\/05\/dna.svg\" \/>\n<meta name=\"twitter:card\" content=\"summary_large_image\" \/>\n<meta name=\"twitter:label1\" content=\"Estimated reading time\" \/>\n\t<meta name=\"twitter:data1\" content=\"1 minute\" \/>\n<script type=\"application\/ld+json\" class=\"yoast-schema-graph\">{\"@context\":\"https:\/\/schema.org\",\"@graph\":[{\"@type\":\"WebPage\",\"@id\":\"https:\/\/energica.pt\/adn\/\",\"url\":\"https:\/\/energica.pt\/adn\/\",\"name\":\"ADN - Energica\",\"isPartOf\":{\"@id\":\"https:\/\/energica.pt\/#website\"},\"datePublished\":\"2020-03-30T17:02:35+00:00\",\"dateModified\":\"2022-12-22T12:18:11+00:00\",\"breadcrumb\":{\"@id\":\"https:\/\/energica.pt\/adn\/#breadcrumb\"},\"inLanguage\":\"en-GB\",\"potentialAction\":[{\"@type\":\"ReadAction\",\"target\":[\"https:\/\/energica.pt\/adn\/\"]}]},{\"@type\":\"BreadcrumbList\",\"@id\":\"https:\/\/energica.pt\/adn\/#breadcrumb\",\"itemListElement\":[{\"@type\":\"ListItem\",\"position\":1,\"name\":\"In\u00edcio\",\"item\":\"https:\/\/energica.pt\/\"},{\"@type\":\"ListItem\",\"position\":2,\"name\":\"ADN\"}]},{\"@type\":\"WebSite\",\"@id\":\"https:\/\/energica.pt\/#website\",\"url\":\"https:\/\/energica.pt\/\",\"name\":\"Energica\",\"description\":\"Forma\u00e7\u00e3o e Consultoria\",\"publisher\":{\"@id\":\"https:\/\/energica.pt\/#organization\"},\"potentialAction\":[{\"@type\":\"SearchAction\",\"target\":{\"@type\":\"EntryPoint\",\"urlTemplate\":\"https:\/\/energica.pt\/?s={search_term_string}\"},\"query-input\":\"required name=search_term_string\"}],\"inLanguage\":\"en-GB\"},{\"@type\":\"Organization\",\"@id\":\"https:\/\/energica.pt\/#organization\",\"name\":\"Energica - Academia de Forma\u00e7\u00e3o e Consultoria\",\"url\":\"https:\/\/energica.pt\/\",\"logo\":{\"@type\":\"ImageObject\",\"inLanguage\":\"en-GB\",\"@id\":\"https:\/\/energica.pt\/#\/schema\/logo\/image\/\",\"url\":\"https:\/\/energica.pt\/wp-content\/uploads\/2020\/05\/logo_energica_2020-01.png\",\"contentUrl\":\"https:\/\/energica.pt\/wp-content\/uploads\/2020\/05\/logo_energica_2020-01.png\",\"width\":1772,\"height\":1182,\"caption\":\"Energica - Academia de Forma\u00e7\u00e3o e Consultoria\"},\"image\":{\"@id\":\"https:\/\/energica.pt\/#\/schema\/logo\/image\/\"},\"sameAs\":[\"https:\/\/www.facebook.com\/ENERGICA.Academia\",\"https:\/\/www.instagram.com\/ENERGICA_Academia\/\"]}]}<\/script>\n<!-- \/ Yoast SEO plugin. -->","yoast_head_json":{"title":"ADN - Energica","robots":{"index":"index","follow":"follow","max-snippet":"max-snippet:-1","max-image-preview":"max-image-preview:large","max-video-preview":"max-video-preview:-1"},"canonical":"https:\/\/energica.pt\/en\/adn\/","og_locale":"en_GB","og_type":"article","og_title":"ADN - Energica","og_description":"O nosso ADN Na Energica temos rigor, compet\u00eancia, paix\u00e3o, \u00e9tica, ambi\u00e7\u00e3o A Energica nasceu com o objetivo de ser uma Academia de Comerciais, porque acreditamos que estes s\u00e3o um fator diferenciador na oferta global de qualquer empresa. A nossa miss\u00e3o \u00e9 criar e desenvolver servi\u00e7os de elevada qualidade, teor pr\u00e1tico e orienta\u00e7\u00e3o para as necessidades [&hellip;]","og_url":"https:\/\/energica.pt\/en\/adn\/","og_site_name":"Energica","article_publisher":"https:\/\/www.facebook.com\/ENERGICA.Academia","article_modified_time":"2022-12-22T12:18:11+00:00","og_image":[{"url":"https:\/\/energica.pt\/wp-content\/uploads\/2020\/05\/dna.svg"}],"twitter_card":"summary_large_image","twitter_misc":{"Estimated reading time":"1 minute"},"schema":{"@context":"https:\/\/schema.org","@graph":[{"@type":"WebPage","@id":"https:\/\/energica.pt\/adn\/","url":"https:\/\/energica.pt\/adn\/","name":"ADN - Energica","isPartOf":{"@id":"https:\/\/energica.pt\/#website"},"datePublished":"2020-03-30T17:02:35+00:00","dateModified":"2022-12-22T12:18:11+00:00","breadcrumb":{"@id":"https:\/\/energica.pt\/adn\/#breadcrumb"},"inLanguage":"en-GB","potentialAction":[{"@type":"ReadAction","target":["https:\/\/energica.pt\/adn\/"]}]},{"@type":"BreadcrumbList","@id":"https:\/\/energica.pt\/adn\/#breadcrumb","itemListElement":[{"@type":"ListItem","position":1,"name":"In\u00edcio","item":"https:\/\/energica.pt\/"},{"@type":"ListItem","position":2,"name":"ADN"}]},{"@type":"WebSite","@id":"https:\/\/energica.pt\/#website","url":"https:\/\/energica.pt\/","name":"Energica","description":"Forma\u00e7\u00e3o e Consultoria","publisher":{"@id":"https:\/\/energica.pt\/#organization"},"potentialAction":[{"@type":"SearchAction","target":{"@type":"EntryPoint","urlTemplate":"https:\/\/energica.pt\/?s={search_term_string}"},"query-input":"required name=search_term_string"}],"inLanguage":"en-GB"},{"@type":"Organization","@id":"https:\/\/energica.pt\/#organization","name":"Energica - Academia de Forma\u00e7\u00e3o e Consultoria","url":"https:\/\/energica.pt\/","logo":{"@type":"ImageObject","inLanguage":"en-GB","@id":"https:\/\/energica.pt\/#\/schema\/logo\/image\/","url":"https:\/\/energica.pt\/wp-content\/uploads\/2020\/05\/logo_energica_2020-01.png","contentUrl":"https:\/\/energica.pt\/wp-content\/uploads\/2020\/05\/logo_energica_2020-01.png","width":1772,"height":1182,"caption":"Energica - Academia de Forma\u00e7\u00e3o e Consultoria"},"image":{"@id":"https:\/\/energica.pt\/#\/schema\/logo\/image\/"},"sameAs":["https:\/\/www.facebook.com\/ENERGICA.Academia","https:\/\/www.instagram.com\/ENERGICA_Academia\/"]}]}},"_links":{"self":[{"href":"https:\/\/energica.pt\/en\/wp-json\/wp\/v2\/pages\/63"}],"collection":[{"href":"https:\/\/energica.pt\/en\/wp-json\/wp\/v2\/pages"}],"about":[{"href":"https:\/\/energica.pt\/en\/wp-json\/wp\/v2\/types\/page"}],"author":[{"embeddable":true,"href":"https:\/\/energica.pt\/en\/wp-json\/wp\/v2\/users\/1"}],"replies":[{"embeddable":true,"href":"https:\/\/energica.pt\/en\/wp-json\/wp\/v2\/comments?post=63"}],"version-history":[{"count":60,"href":"https:\/\/energica.pt\/en\/wp-json\/wp\/v2\/pages\/63\/revisions"}],"predecessor-version":[{"id":1163,"href":"https:\/\/energica.pt\/en\/wp-json\/wp\/v2\/pages\/63\/revisions\/1163"}],"wp:attachment":[{"href":"https:\/\/energica.pt\/en\/wp-json\/wp\/v2\/media?parent=63"}],"curies":[{"name":"wp","href":"https:\/\/api.w.org\/{rel}","templated":true}]}}