{"id":69,"date":"2020-03-30T17:05:40","date_gmt":"2020-03-30T17:05:40","guid":{"rendered":"http:\/\/energica.pt\/?page_id=69"},"modified":"2023-04-18T15:06:25","modified_gmt":"2023-04-18T15:06:25","slug":"contactos","status":"publish","type":"page","link":"https:\/\/energica.pt\/en\/contactos\/","title":{"rendered":"Get In Touch"},"content":{"rendered":"<div data-elementor-type=\"wp-page\" data-elementor-id=\"69\" class=\"elementor elementor-69\">\n\t\t\t\t\t\t<div class=\"elementor-inner\">\n\t\t\t\t<div class=\"elementor-section-wrap\">\n\t\t\t\t\t\t\t\t\t<section class=\"elementor-section elementor-top-section elementor-element elementor-element-9283891 elementor-section-boxed elementor-section-height-default elementor-section-height-default\" data-id=\"9283891\" data-element_type=\"section\" data-settings=\"{&quot;background_background&quot;:&quot;classic&quot;}\">\n\t\t\t\t\t\t<div class=\"elementor-container elementor-column-gap-default\">\n\t\t\t\t\t\t\t<div class=\"elementor-row\">\n\t\t\t\t\t<div class=\"elementor-column elementor-col-100 elementor-top-column elementor-element elementor-element-d6bb480\" data-id=\"d6bb480\" data-element_type=\"column\">\n\t\t\t<div class=\"elementor-column-wrap elementor-element-populated\">\n\t\t\t\t\t\t\t<div class=\"elementor-widget-wrap\">\n\t\t\t\t\t\t<div class=\"elementor-element elementor-element-565d096 elementor-widget elementor-widget-spacer\" data-id=\"565d096\" data-element_type=\"widget\" data-widget_type=\"spacer.default\">\n\t\t\t\t<div class=\"elementor-widget-container\">\n\t\t\t\t\t<div class=\"elementor-spacer\">\n\t\t\t<div class=\"elementor-spacer-inner\"><\/div>\n\t\t<\/div>\n\t\t\t\t<\/div>\n\t\t\t\t<\/div>\n\t\t\t\t<section class=\"elementor-section elementor-inner-section elementor-element elementor-element-8bf0dc2 elementor-section-boxed elementor-section-height-default elementor-section-height-default\" data-id=\"8bf0dc2\" data-element_type=\"section\">\n\t\t\t\t\t\t<div class=\"elementor-container elementor-column-gap-default\">\n\t\t\t\t\t\t\t<div class=\"elementor-row\">\n\t\t\t\t\t<div class=\"elementor-column elementor-col-50 elementor-inner-column elementor-element elementor-element-867fdd8\" data-id=\"867fdd8\" data-element_type=\"column\">\n\t\t\t<div class=\"elementor-column-wrap elementor-element-populated\">\n\t\t\t\t\t\t\t<div class=\"elementor-widget-wrap\">\n\t\t\t\t\t\t<div class=\"elementor-element elementor-element-551ca4f elementor-widget elementor-widget-heading\" data-id=\"551ca4f\" data-element_type=\"widget\" data-widget_type=\"heading.default\">\n\t\t\t\t<div class=\"elementor-widget-container\">\n\t\t\t<h2 class=\"elementor-heading-title elementor-size-default\">Get In Touch<\/h2>\t\t<\/div>\n\t\t\t\t<\/div>\n\t\t\t\t\t\t<\/div>\n\t\t\t\t\t<\/div>\n\t\t<\/div>\n\t\t\t\t<div class=\"elementor-column elementor-col-50 elementor-inner-column elementor-element elementor-element-deef47a\" data-id=\"deef47a\" data-element_type=\"column\">\n\t\t\t<div class=\"elementor-column-wrap\">\n\t\t\t\t\t\t\t<div class=\"elementor-widget-wrap\">\n\t\t\t\t\t\t\t\t<\/div>\n\t\t\t\t\t<\/div>\n\t\t<\/div>\n\t\t\t\t\t\t\t\t<\/div>\n\t\t\t\t\t<\/div>\n\t\t<\/section>\n\t\t\t\t<section class=\"elementor-section elementor-inner-section elementor-element elementor-element-dcccf13 elementor-section-boxed elementor-section-height-default elementor-section-height-default\" data-id=\"dcccf13\" data-element_type=\"section\">\n\t\t\t\t\t\t<div class=\"elementor-container elementor-column-gap-default\">\n\t\t\t\t\t\t\t<div class=\"elementor-row\">\n\t\t\t\t\t<div class=\"elementor-column elementor-col-50 elementor-inner-column elementor-element elementor-element-d0efcdb\" data-id=\"d0efcdb\" data-element_type=\"column\">\n\t\t\t<div class=\"elementor-column-wrap elementor-element-populated\">\n\t\t\t\t\t\t\t<div class=\"elementor-widget-wrap\">\n\t\t\t\t\t\t<div class=\"elementor-element elementor-element-5513efd elementor-widget elementor-widget-google_maps\" data-id=\"5513efd\" data-element_type=\"widget\" data-widget_type=\"google_maps.default\">\n\t\t\t\t<div class=\"elementor-widget-container\">\n\t\t\t\t\t<div class=\"elementor-custom-embed\">\n\t\t\t<iframe frameborder=\"0\" scrolling=\"no\" marginheight=\"0\" marginwidth=\"0\"\n\t\t\t\t\tsrc=\"https:\/\/maps.google.com\/maps?q=Energica%20%C3%ADlhavo&#038;t=m&#038;z=10&#038;output=embed&#038;iwloc=near\"\n\t\t\t\t\ttitle=\"Energica \u00edlhavo\"\n\t\t\t\t\taria-label=\"Energica \u00edlhavo\"\n\t\t\t><\/iframe>\n\t\t<\/div>\n\t\t\t\t<\/div>\n\t\t\t\t<\/div>\n\t\t\t\t\t\t<\/div>\n\t\t\t\t\t<\/div>\n\t\t<\/div>\n\t\t\t\t<div class=\"elementor-column elementor-col-50 elementor-inner-column elementor-element elementor-element-6dc248c\" data-id=\"6dc248c\" data-element_type=\"column\">\n\t\t\t<div class=\"elementor-column-wrap elementor-element-populated\">\n\t\t\t\t\t\t\t<div class=\"elementor-widget-wrap\">\n\t\t\t\t\t\t<div class=\"elementor-element elementor-element-f5391d3 elementor-widget elementor-widget-text-editor\" data-id=\"f5391d3\" data-element_type=\"widget\" data-widget_type=\"text-editor.default\">\n\t\t\t\t<div class=\"elementor-widget-container\">\n\t\t\t\t\t\t\t\t<div class=\"elementor-text-editor elementor-clearfix\">\n\t\t\t\t<p><strong>Residence:<\/strong> Av. 25 de Abril, 27 2 Esq. Frt. 3830-044 \u00cdlhavo<\/p>\n<p><strong>Email:<\/strong> geral@energica.pt<\/p>\n<p><strong>Phone:<\/strong> 707 507 855 (Chamada para a rede fixa nacional)<\/p>\n<h1><b>Get In Touch<\/b><\/h1>\t\t\t\t\t<\/div>\n\t\t\t\t\t\t<\/div>\n\t\t\t\t<\/div>\n\t\t\t\t<div class=\"elementor-element elementor-element-bef16e8 eael-contact-form-7-button-align-left eael-contact-form-7-button-custom elementor-widget elementor-widget-eael-contact-form-7\" data-id=\"bef16e8\" data-element_type=\"widget\" data-widget_type=\"eael-contact-form-7.default\">\n\t\t\t\t<div class=\"elementor-widget-container\">\n\t\t\t<div class=\"eael-contact-form-7-wrapper\">\n                <div class=\"eael-contact-form eael-contact-form-7 eael-contact-form-bef16e8 placeholder-show eael-contact-form-align-default\">\n<div class=\"wpcf7 no-js\" id=\"wpcf7-f966-o1\" lang=\"pt-PT\" dir=\"ltr\">\n<div class=\"screen-reader-response\"><p role=\"status\" aria-live=\"polite\" aria-atomic=\"true\"><\/p> <ul><\/ul><\/div>\n<form action=\"\/en\/wp-json\/wp\/v2\/pages\/69#wpcf7-f966-o1\" method=\"post\" class=\"wpcf7-form init\" aria-label=\"Formul\u00e1rio de contacto\" novalidate=\"novalidate\" data-status=\"init\" data-trp-original-action=\"\/en\/wp-json\/wp\/v2\/pages\/69#wpcf7-f966-o1\">\n<div style=\"display: none;\">\n<input type=\"hidden\" name=\"_wpcf7\" value=\"966\" \/>\n<input type=\"hidden\" name=\"_wpcf7_version\" value=\"5.7.6\" \/>\n<input type=\"hidden\" name=\"_wpcf7_locale\" value=\"pt_PT\" \/>\n<input type=\"hidden\" name=\"_wpcf7_unit_tag\" value=\"wpcf7-f966-o1\" \/>\n<input type=\"hidden\" name=\"_wpcf7_container_post\" value=\"0\" \/>\n<input type=\"hidden\" name=\"_wpcf7_posted_data_hash\" value=\"\" \/>\n<\/div>\n<p><label> Name (Required)<br \/>\n<span class=\"wpcf7-form-control-wrap\" data-name=\"Nome\"><input size=\"40\" class=\"wpcf7-form-control wpcf7-text wpcf7-validates-as-required\" aria-required=\"true\" aria-invalid=\"false\" value=\"\" type=\"text\" name=\"Nome\" \/><\/span> <\/label>\n<\/p>\n<p><label> Email (Required)<br \/>\n<span class=\"wpcf7-form-control-wrap\" data-name=\"Email\"><input size=\"40\" class=\"wpcf7-form-control wpcf7-text wpcf7-email wpcf7-validates-as-required wpcf7-validates-as-email\" aria-required=\"true\" aria-invalid=\"false\" value=\"\" type=\"email\" name=\"Email\" \/><\/span> <\/label>\n<\/p>\n<p><label> Subject<br \/>\n<span class=\"wpcf7-form-control-wrap\" data-name=\"Assunto\"><input size=\"40\" class=\"wpcf7-form-control wpcf7-text\" aria-invalid=\"false\" value=\"\" type=\"text\" name=\"Assunto\" \/><\/span> <\/label>\n<\/p>\n<p><label> Message<br \/>\n<span class=\"wpcf7-form-control-wrap\" data-name=\"Mensagem\"><textarea cols=\"40\" rows=\"10\" class=\"wpcf7-form-control wpcf7-textarea\" aria-invalid=\"false\" name=\"Mensagem\"><\/textarea><\/span> <\/label>\n<\/p>\n<p><span class=\"wpcf7-form-control-wrap\" data-name=\"GPRD\"><span class=\"wpcf7-form-control wpcf7-acceptance\"><span class=\"wpcf7-list-item\"><input type=\"checkbox\" name=\"GPRD\" value=\"1\" aria-invalid=\"false\" \/><\/span><\/span><\/span> I have read and accept the terms of <a href=\"https:\/\/energica.pt\/en\/politica-privacidade\/\"> privacy policy<\/a>.\n<\/p>\n<p><div id=\"cf7sr-69f2729d164f7\" class=\"cf7sr-g-recaptcha\" data-theme=\"light\" data-type=\"image\" data-size=\"normal\" data-sitekey=\"6LfH9jImAAAAAAhCTKsHIvvdA3QbI7sDuXqXGUWi\"><\/div><span class=\"wpcf7-form-control-wrap cf7sr-recaptcha\" data-name=\"cf7sr-recaptcha\"><input type=\"hidden\" name=\"cf7sr-recaptcha\" value=\"\" class=\"wpcf7-form-control\"><\/span>\n<\/p>\n<p><input class=\"wpcf7-form-control has-spinner wpcf7-submit\" type=\"submit\" value=\"Submit\" \/>\n<\/p><div class=\"wpcf7-response-output\" aria-hidden=\"true\"><\/div>\n<input type=\"hidden\" name=\"trp-form-language\" value=\"en\"\/><\/form>\n<\/div>\n<\/div>\n            <\/div>\t\t<\/div>\n\t\t\t\t<\/div>\n\t\t\t\t\t\t<\/div>\n\t\t\t\t\t<\/div>\n\t\t<\/div>\n\t\t\t\t\t\t\t\t<\/div>\n\t\t\t\t\t<\/div>\n\t\t<\/section>\n\t\t\t\t<div class=\"elementor-element elementor-element-757efc5 elementor-widget elementor-widget-spacer\" data-id=\"757efc5\" data-element_type=\"widget\" data-widget_type=\"spacer.default\">\n\t\t\t\t<div class=\"elementor-widget-container\">\n\t\t\t\t\t<div class=\"elementor-spacer\">\n\t\t\t<div class=\"elementor-spacer-inner\"><\/div>\n\t\t<\/div>\n\t\t\t\t<\/div>\n\t\t\t\t<\/div>\n\t\t\t\t\t\t<\/div>\n\t\t\t\t\t<\/div>\n\t\t<\/div>\n\t\t\t\t\t\t\t\t<\/div>\n\t\t\t\t\t<\/div>\n\t\t<\/section>\n\t\t\t\t<section class=\"elementor-section elementor-top-section elementor-element elementor-element-45e79cd1 elementor-section-boxed elementor-section-height-default elementor-section-height-default\" data-id=\"45e79cd1\" data-element_type=\"section\" data-settings=\"{&quot;background_background&quot;:&quot;classic&quot;}\">\n\t\t\t\t\t\t<div class=\"elementor-container elementor-column-gap-default\">\n\t\t\t\t\t\t\t<div class=\"elementor-row\">\n\t\t\t\t\t<div class=\"elementor-column elementor-col-100 elementor-top-column elementor-element elementor-element-5cd44a85\" data-id=\"5cd44a85\" data-element_type=\"column\">\n\t\t\t<div class=\"elementor-column-wrap elementor-element-populated\">\n\t\t\t\t\t\t\t<div class=\"elementor-widget-wrap\">\n\t\t\t\t\t\t<section class=\"elementor-section elementor-inner-section elementor-element elementor-element-75c047e6 elementor-section-boxed elementor-section-height-default elementor-section-height-default\" data-id=\"75c047e6\" data-element_type=\"section\">\n\t\t\t\t\t\t<div class=\"elementor-container elementor-column-gap-default\">\n\t\t\t\t\t\t\t<div class=\"elementor-row\">\n\t\t\t\t\t<div class=\"elementor-column elementor-col-50 elementor-inner-column elementor-element elementor-element-645793e1\" data-id=\"645793e1\" data-element_type=\"column\">\n\t\t\t<div class=\"elementor-column-wrap elementor-element-populated\">\n\t\t\t\t\t\t\t<div class=\"elementor-widget-wrap\">\n\t\t\t\t\t\t<div class=\"elementor-element elementor-element-56f967fa elementor-widget elementor-widget-image\" data-id=\"56f967fa\" data-element_type=\"widget\" data-widget_type=\"image.default\">\n\t\t\t\t<div class=\"elementor-widget-container\">\n\t\t\t\t\t\t\t\t<div class=\"elementor-image\">\n\t\t\t\t\t\t\t\t\t\t\t\t\t<a href=\"http:\/\/energica.pt\/wp-content\/uploads\/2020\/04\/Ficha_projeto_Vale_Int_Energica.pdf\">\n\t\t\t\t\t\t\t<img decoding=\"async\" width=\"1024\" height=\"156\" src=\"https:\/\/energica.pt\/wp-content\/uploads\/2020\/04\/POCentro_PT2020_FEEI_Branco_Bom-1-1024x156.png\" class=\"attachment-large size-large\" alt=\"\" loading=\"lazy\" srcset=\"https:\/\/energica.pt\/wp-content\/uploads\/2020\/04\/POCentro_PT2020_FEEI_Branco_Bom-1-1024x156.png 1024w, https:\/\/energica.pt\/wp-content\/uploads\/2020\/04\/POCentro_PT2020_FEEI_Branco_Bom-1-300x46.png 300w, https:\/\/energica.pt\/wp-content\/uploads\/2020\/04\/POCentro_PT2020_FEEI_Branco_Bom-1-768x117.png 768w, https:\/\/energica.pt\/wp-content\/uploads\/2020\/04\/POCentro_PT2020_FEEI_Branco_Bom-1-1536x233.png 1536w, https:\/\/energica.pt\/wp-content\/uploads\/2020\/04\/POCentro_PT2020_FEEI_Branco_Bom-1-2048x311.png 2048w\" sizes=\"(max-width: 1024px) 100vw, 1024px\" \/>\t\t\t\t\t\t\t\t<\/a>\n\t\t\t\t\t\t\t\t\t\t\t\t\t\t<\/div>\n\t\t\t\t\t\t<\/div>\n\t\t\t\t<\/div>\n\t\t\t\t<div class=\"elementor-element elementor-element-4e4a3677 elementor-widget elementor-widget-text-editor\" data-id=\"4e4a3677\" data-element_type=\"widget\" data-widget_type=\"text-editor.default\">\n\t\t\t\t<div class=\"elementor-widget-container\">\n\t\t\t\t\t\t\t\t<div class=\"elementor-text-editor elementor-clearfix\">\n\t\t\t\t<p><a style=\"font-size: 14px; background-color: #3e3e3e;\" href=\"https:\/\/energica.pt\/en\/politica-privacidade\/\"><strong>Privacy Policy<\/strong><\/a><\/p>\t\t\t\t\t<\/div>\n\t\t\t\t\t\t<\/div>\n\t\t\t\t<\/div>\n\t\t\t\t\t\t<\/div>\n\t\t\t\t\t<\/div>\n\t\t<\/div>\n\t\t\t\t<div class=\"elementor-column elementor-col-50 elementor-inner-column elementor-element elementor-element-457e3f07\" data-id=\"457e3f07\" data-element_type=\"column\">\n\t\t\t<div class=\"elementor-column-wrap elementor-element-populated\">\n\t\t\t\t\t\t\t<div class=\"elementor-widget-wrap\">\n\t\t\t\t\t\t<div class=\"elementor-element elementor-element-36b99a61 elementor-widget elementor-widget-text-editor\" data-id=\"36b99a61\" data-element_type=\"widget\" data-widget_type=\"text-editor.default\">\n\t\t\t\t<div class=\"elementor-widget-container\">\n\t\t\t\t\t\t\t\t<div class=\"elementor-text-editor elementor-clearfix\">\n\t\t\t\t<p><strong>Residence:<\/strong> Av. 25 de Abril, 27 2 Esq. Frt. 3830-044 \u00cdlhavo<\/p><p><strong>Email:<\/strong> geral@energica.pt<\/p><p><strong>Phone:<\/strong> 707 507 855<\/p><p>(Call to national fixed network)<\/p>\t\t\t\t\t<\/div>\n\t\t\t\t\t\t<\/div>\n\t\t\t\t<\/div>\n\t\t\t\t<div class=\"elementor-element elementor-element-7de1ccac elementor-widget elementor-widget-image\" data-id=\"7de1ccac\" data-element_type=\"widget\" data-widget_type=\"image.default\">\n\t\t\t\t<div class=\"elementor-widget-container\">\n\t\t\t\t\t\t\t\t<div class=\"elementor-image\">\n\t\t\t\t\t\t\t\t\t\t\t\t<img decoding=\"async\" width=\"280\" height=\"190\" src=\"https:\/\/energica.pt\/wp-content\/uploads\/2020\/06\/certificada_w.png\" class=\"attachment-full size-full\" alt=\"\" loading=\"lazy\" \/>\t\t\t\t\t\t\t\t\t\t\t\t\t\t<\/div>\n\t\t\t\t\t\t<\/div>\n\t\t\t\t<\/div>\n\t\t\t\t<div class=\"elementor-element elementor-element-5334e11d elementor-shape-circle e-grid-align-left elementor-grid-0 elementor-widget elementor-widget-social-icons\" data-id=\"5334e11d\" data-element_type=\"widget\" data-widget_type=\"social-icons.default\">\n\t\t\t\t<div class=\"elementor-widget-container\">\n\t\t\t\t\t<div class=\"elementor-social-icons-wrapper elementor-grid\">\n\t\t\t\t\t\t\t<span class=\"elementor-grid-item\">\n\t\t\t\t\t<a class=\"elementor-icon elementor-social-icon elementor-social-icon-facebook elementor-repeater-item-9183e67\" href=\"https:\/\/www.facebook.com\/ENERGICA.Academia\/\" target=\"_blank\">\n\t\t\t\t\t\t<span class=\"elementor-screen-only\">Facebook<\/span>\n\t\t\t\t\t\t<i class=\"fab fa-facebook\"><\/i>\t\t\t\t\t<\/a>\n\t\t\t\t<\/span>\n\t\t\t\t\t\t\t<span class=\"elementor-grid-item\">\n\t\t\t\t\t<a class=\"elementor-icon elementor-social-icon elementor-social-icon-instagram elementor-repeater-item-1b61a85\" href=\"https:\/\/www.instagram.com\/ENERGICA_Academia\/\" target=\"_blank\">\n\t\t\t\t\t\t<span class=\"elementor-screen-only\">Instagram<\/span>\n\t\t\t\t\t\t<i class=\"fab fa-instagram\"><\/i>\t\t\t\t\t<\/a>\n\t\t\t\t<\/span>\n\t\t\t\t\t\t\t<span class=\"elementor-grid-item\">\n\t\t\t\t\t<a class=\"elementor-icon elementor-social-icon elementor-social-icon-linkedin elementor-repeater-item-08edfcd\" href=\"https:\/\/www.linkedin.com\/company\/academiadeformacao-energica\/\" target=\"_blank\">\n\t\t\t\t\t\t<span class=\"elementor-screen-only\">Linkedin<\/span>\n\t\t\t\t\t\t<i class=\"fab fa-linkedin\"><\/i>\t\t\t\t\t<\/a>\n\t\t\t\t<\/span>\n\t\t\t\t\t<\/div>\n\t\t\t\t<\/div>\n\t\t\t\t<\/div>\n\t\t\t\t\t\t<\/div>\n\t\t\t\t\t<\/div>\n\t\t<\/div>\n\t\t\t\t\t\t\t\t<\/div>\n\t\t\t\t\t<\/div>\n\t\t<\/section>\n\t\t\t\t\t\t<\/div>\n\t\t\t\t\t<\/div>\n\t\t<\/div>\n\t\t\t\t\t\t\t\t<\/div>\n\t\t\t\t\t<\/div>\n\t\t<\/section>\n\t\t\t\t\t\t\t\t\t<\/div>\n\t\t\t<\/div>\n\t\t\t\t\t<\/div>","protected":false},"excerpt":{"rendered":"<p>Contactos Morada: Av. 25 de Abril, 27 2 Esq. Frt. 3830-044 \u00cdlhavo Email: geral@energica.pt Telefone: 707 507 855 (Chamada para a rede fixa nacional) Fale conosco: Nome (Obrigat\u00f3rio) Email (Obrigat\u00f3rio) Assunto Mensagem Li e aceito os termos da politica de privacidade. Pol\u00edtica de Privacidade Morada: Av. 25 de Abril, 27 2 Esq. Frt. 3830-044 \u00cdlhavo [&hellip;]<\/p>","protected":false},"author":1,"featured_media":0,"parent":0,"menu_order":0,"comment_status":"closed","ping_status":"closed","template":"","meta":[],"yoast_head":"<!-- This site is optimized with the Yoast SEO plugin v20.6 - https:\/\/yoast.com\/wordpress\/plugins\/seo\/ -->\n<title>Contactos - Energica<\/title>\n<meta name=\"robots\" content=\"index, follow, max-snippet:-1, max-image-preview:large, max-video-preview:-1\" \/>\n<link rel=\"canonical\" href=\"https:\/\/energica.pt\/en\/contactos\/\" \/>\n<meta property=\"og:locale\" content=\"en_GB\" \/>\n<meta property=\"og:type\" content=\"article\" \/>\n<meta property=\"og:title\" content=\"Contactos - Energica\" \/>\n<meta property=\"og:description\" content=\"Contactos Morada: Av. 25 de Abril, 27 2 Esq. Frt. 3830-044 \u00cdlhavo Email: geral@energica.pt Telefone: 707 507 855 (Chamada para a rede fixa nacional) Fale conosco: Nome (Obrigat\u00f3rio) Email (Obrigat\u00f3rio) Assunto Mensagem Li e aceito os termos da politica de privacidade. Pol\u00edtica de Privacidade Morada: Av. 25 de Abril, 27 2 Esq. Frt. 3830-044 \u00cdlhavo [&hellip;]\" \/>\n<meta property=\"og:url\" content=\"https:\/\/energica.pt\/en\/contactos\/\" \/>\n<meta property=\"og:site_name\" content=\"Energica\" \/>\n<meta property=\"article:publisher\" content=\"https:\/\/www.facebook.com\/ENERGICA.Academia\" \/>\n<meta property=\"article:modified_time\" content=\"2023-04-18T15:06:25+00:00\" \/>\n<meta property=\"og:image\" content=\"https:\/\/energica.pt\/wp-content\/uploads\/2020\/04\/POCentro_PT2020_FEEI_Branco_Bom-1-1024x156.png\" \/>\n<meta name=\"twitter:card\" content=\"summary_large_image\" \/>\n<script type=\"application\/ld+json\" class=\"yoast-schema-graph\">{\"@context\":\"https:\/\/schema.org\",\"@graph\":[{\"@type\":\"WebPage\",\"@id\":\"https:\/\/energica.pt\/contactos\/\",\"url\":\"https:\/\/energica.pt\/contactos\/\",\"name\":\"Contactos - Energica\",\"isPartOf\":{\"@id\":\"https:\/\/energica.pt\/#website\"},\"datePublished\":\"2020-03-30T17:05:40+00:00\",\"dateModified\":\"2023-04-18T15:06:25+00:00\",\"breadcrumb\":{\"@id\":\"https:\/\/energica.pt\/contactos\/#breadcrumb\"},\"inLanguage\":\"en-GB\",\"potentialAction\":[{\"@type\":\"ReadAction\",\"target\":[\"https:\/\/energica.pt\/contactos\/\"]}]},{\"@type\":\"BreadcrumbList\",\"@id\":\"https:\/\/energica.pt\/contactos\/#breadcrumb\",\"itemListElement\":[{\"@type\":\"ListItem\",\"position\":1,\"name\":\"In\u00edcio\",\"item\":\"https:\/\/energica.pt\/\"},{\"@type\":\"ListItem\",\"position\":2,\"name\":\"Contactos\"}]},{\"@type\":\"WebSite\",\"@id\":\"https:\/\/energica.pt\/#website\",\"url\":\"https:\/\/energica.pt\/\",\"name\":\"Energica\",\"description\":\"Forma\u00e7\u00e3o e Consultoria\",\"publisher\":{\"@id\":\"https:\/\/energica.pt\/#organization\"},\"potentialAction\":[{\"@type\":\"SearchAction\",\"target\":{\"@type\":\"EntryPoint\",\"urlTemplate\":\"https:\/\/energica.pt\/?s={search_term_string}\"},\"query-input\":\"required name=search_term_string\"}],\"inLanguage\":\"en-GB\"},{\"@type\":\"Organization\",\"@id\":\"https:\/\/energica.pt\/#organization\",\"name\":\"Energica - Academia de Forma\u00e7\u00e3o e Consultoria\",\"url\":\"https:\/\/energica.pt\/\",\"logo\":{\"@type\":\"ImageObject\",\"inLanguage\":\"en-GB\",\"@id\":\"https:\/\/energica.pt\/#\/schema\/logo\/image\/\",\"url\":\"https:\/\/energica.pt\/wp-content\/uploads\/2020\/05\/logo_energica_2020-01.png\",\"contentUrl\":\"https:\/\/energica.pt\/wp-content\/uploads\/2020\/05\/logo_energica_2020-01.png\",\"width\":1772,\"height\":1182,\"caption\":\"Energica - Academia de Forma\u00e7\u00e3o e Consultoria\"},\"image\":{\"@id\":\"https:\/\/energica.pt\/#\/schema\/logo\/image\/\"},\"sameAs\":[\"https:\/\/www.facebook.com\/ENERGICA.Academia\",\"https:\/\/www.instagram.com\/ENERGICA_Academia\/\"]}]}<\/script>\n<!-- \/ Yoast SEO plugin. -->","yoast_head_json":{"title":"Contactos - Energica","robots":{"index":"index","follow":"follow","max-snippet":"max-snippet:-1","max-image-preview":"max-image-preview:large","max-video-preview":"max-video-preview:-1"},"canonical":"https:\/\/energica.pt\/en\/contactos\/","og_locale":"en_GB","og_type":"article","og_title":"Contactos - Energica","og_description":"Contactos Morada: Av. 25 de Abril, 27 2 Esq. Frt. 3830-044 \u00cdlhavo Email: geral@energica.pt Telefone: 707 507 855 (Chamada para a rede fixa nacional) Fale conosco: Nome (Obrigat\u00f3rio) Email (Obrigat\u00f3rio) Assunto Mensagem Li e aceito os termos da politica de privacidade. Pol\u00edtica de Privacidade Morada: Av. 25 de Abril, 27 2 Esq. Frt. 3830-044 \u00cdlhavo [&hellip;]","og_url":"https:\/\/energica.pt\/en\/contactos\/","og_site_name":"Energica","article_publisher":"https:\/\/www.facebook.com\/ENERGICA.Academia","article_modified_time":"2023-04-18T15:06:25+00:00","og_image":[{"url":"https:\/\/energica.pt\/wp-content\/uploads\/2020\/04\/POCentro_PT2020_FEEI_Branco_Bom-1-1024x156.png"}],"twitter_card":"summary_large_image","schema":{"@context":"https:\/\/schema.org","@graph":[{"@type":"WebPage","@id":"https:\/\/energica.pt\/contactos\/","url":"https:\/\/energica.pt\/contactos\/","name":"Contactos - Energica","isPartOf":{"@id":"https:\/\/energica.pt\/#website"},"datePublished":"2020-03-30T17:05:40+00:00","dateModified":"2023-04-18T15:06:25+00:00","breadcrumb":{"@id":"https:\/\/energica.pt\/contactos\/#breadcrumb"},"inLanguage":"en-GB","potentialAction":[{"@type":"ReadAction","target":["https:\/\/energica.pt\/contactos\/"]}]},{"@type":"BreadcrumbList","@id":"https:\/\/energica.pt\/contactos\/#breadcrumb","itemListElement":[{"@type":"ListItem","position":1,"name":"In\u00edcio","item":"https:\/\/energica.pt\/"},{"@type":"ListItem","position":2,"name":"Contactos"}]},{"@type":"WebSite","@id":"https:\/\/energica.pt\/#website","url":"https:\/\/energica.pt\/","name":"Energica","description":"Forma\u00e7\u00e3o e Consultoria","publisher":{"@id":"https:\/\/energica.pt\/#organization"},"potentialAction":[{"@type":"SearchAction","target":{"@type":"EntryPoint","urlTemplate":"https:\/\/energica.pt\/?s={search_term_string}"},"query-input":"required name=search_term_string"}],"inLanguage":"en-GB"},{"@type":"Organization","@id":"https:\/\/energica.pt\/#organization","name":"Energica - Academia de Forma\u00e7\u00e3o e Consultoria","url":"https:\/\/energica.pt\/","logo":{"@type":"ImageObject","inLanguage":"en-GB","@id":"https:\/\/energica.pt\/#\/schema\/logo\/image\/","url":"https:\/\/energica.pt\/wp-content\/uploads\/2020\/05\/logo_energica_2020-01.png","contentUrl":"https:\/\/energica.pt\/wp-content\/uploads\/2020\/05\/logo_energica_2020-01.png","width":1772,"height":1182,"caption":"Energica - Academia de Forma\u00e7\u00e3o e Consultoria"},"image":{"@id":"https:\/\/energica.pt\/#\/schema\/logo\/image\/"},"sameAs":["https:\/\/www.facebook.com\/ENERGICA.Academia","https:\/\/www.instagram.com\/ENERGICA_Academia\/"]}]}},"_links":{"self":[{"href":"https:\/\/energica.pt\/en\/wp-json\/wp\/v2\/pages\/69"}],"collection":[{"href":"https:\/\/energica.pt\/en\/wp-json\/wp\/v2\/pages"}],"about":[{"href":"https:\/\/energica.pt\/en\/wp-json\/wp\/v2\/types\/page"}],"author":[{"embeddable":true,"href":"https:\/\/energica.pt\/en\/wp-json\/wp\/v2\/users\/1"}],"replies":[{"embeddable":true,"href":"https:\/\/energica.pt\/en\/wp-json\/wp\/v2\/comments?post=69"}],"version-history":[{"count":38,"href":"https:\/\/energica.pt\/en\/wp-json\/wp\/v2\/pages\/69\/revisions"}],"predecessor-version":[{"id":1180,"href":"https:\/\/energica.pt\/en\/wp-json\/wp\/v2\/pages\/69\/revisions\/1180"}],"wp:attachment":[{"href":"https:\/\/energica.pt\/en\/wp-json\/wp\/v2\/media?parent=69"}],"curies":[{"name":"wp","href":"https:\/\/api.w.org\/{rel}","templated":true}]}}